{"id":187,"date":"2023-05-24T14:54:39","date_gmt":"2023-05-24T12:54:39","guid":{"rendered":"https:\/\/refoodly.7180.eu\/?page_id=187"},"modified":"2023-05-24T17:48:30","modified_gmt":"2023-05-24T15:48:30","slug":"hackathon-milano-2022","status":"publish","type":"page","link":"https:\/\/refoodly.7180.eu\/?page_id=187","title":{"rendered":"Hackathon Milano 2022"},"content":{"rendered":"\n<div style=\"height:63px\" aria-hidden=\"true\" class=\"wp-block-spacer\"><\/div>\n\n\n<div class=\"wp-block-image\">\n<figure class=\"aligncenter size-large\"><img loading=\"lazy\" decoding=\"async\" width=\"1024\" height=\"768\" src=\"https:\/\/refoodly.7180.eu\/wp-content\/uploads\/2023\/05\/IMG_20221018_163529-1024x768.jpg\" alt=\"\" class=\"wp-image-251\" srcset=\"https:\/\/refoodly.7180.eu\/wp-content\/uploads\/2023\/05\/IMG_20221018_163529-1024x768.jpg 1024w, https:\/\/refoodly.7180.eu\/wp-content\/uploads\/2023\/05\/IMG_20221018_163529-300x225.jpg 300w, https:\/\/refoodly.7180.eu\/wp-content\/uploads\/2023\/05\/IMG_20221018_163529-768x576.jpg 768w, https:\/\/refoodly.7180.eu\/wp-content\/uploads\/2023\/05\/IMG_20221018_163529-1536x1152.jpg 1536w, https:\/\/refoodly.7180.eu\/wp-content\/uploads\/2023\/05\/IMG_20221018_163529.jpg 1920w\" sizes=\"auto, (max-width: 1024px) 100vw, 1024px\" \/><\/figure>\n<\/div>\n\n\n<div style=\"height:69px\" aria-hidden=\"true\" class=\"wp-block-spacer\"><\/div>\n\n\n\n<p class=\"has-medium-font-size\">Un hackathon \u00e8 un evento organizzato in cui studenti, programmatori, sviluppatori, designer e altre persone si riuniscono per collaborare e risolvere problemi in modo rapido e intensivo. L&#8217;obiettivo principale di un hackathon \u00e8 sviluppare soluzioni innovative stimolati dalla competizione, spesso attraverso la creazione di software, applicazioni o prototipi funzionanti.<\/p>\n\n\n\n<p class=\"has-medium-font-size\">Durante un hackathon, i partecipanti vengono solitamente divisi in squadre e vengono forniti uno o pi\u00f9 temi su cui lavorare. Possono essere forniti anche set di dati o risorse per aiutare le squadre nella creazione delle loro soluzioni. A partire da quel momento, le squadre lavorano contro il tempo, spesso per un periodo compreso tra poche ore e diversi giorni, per sviluppare un prodotto finale che affronti la sfida assegnata.<\/p>\n\n\n\n<p class=\"has-medium-font-size\">Alla fine di un hackathon, le squadre presentano le loro soluzioni a una giuria e a tutti i partecipanti, spiegando il loro processo di sviluppo, le funzionalit\u00e0 del prodotto e il valore aggiunto che apporta. A volte, vengono assegnati premi alle squadre vincitrici in base a criteri come l&#8217;originalit\u00e0, l&#8217;efficacia e l&#8217;implementazione delle soluzioni.<\/p>\n\n\n\n<p class=\"has-medium-font-size\">Gli hackathon sono diventati popolari in diverse comunit\u00e0, tra cui quella della tecnologia e dello sviluppo software, ma sono stati adottati anche in settori come la salute, l&#8217;educazione, l&#8217;ambiente e molti altri. Possono essere organizzati da aziende, universit\u00e0, organizzazioni no-profit o gruppi di sviluppatori indipendenti, e offrono un&#8217;opportunit\u00e0 unica per mettere alla prova le capacit\u00e0 creative e tecniche dei partecipanti e promuovere l&#8217;innovazione.<\/p>\n\n\n\n<div style=\"height:100px\" aria-hidden=\"true\" class=\"wp-block-spacer\"><\/div>\n","protected":false},"excerpt":{"rendered":"<p>Un hackathon \u00e8 un evento organizzato in cui studenti, programmatori, sviluppatori, designer e altre persone si riuniscono per collaborare e risolvere problemi in modo rapido e intensivo. L&#8217;obiettivo principale di un hackathon \u00e8 sviluppare soluzioni innovative stimolati dalla competizione, spesso attraverso la creazione di software, applicazioni o prototipi funzionanti. Durante un hackathon, i partecipanti vengono&hellip;&nbsp;<a href=\"https:\/\/refoodly.7180.eu\/?page_id=187\" class=\"\" rel=\"bookmark\">Leggi tutto &raquo;<span class=\"screen-reader-text\">Hackathon Milano 2022<\/span><\/a><\/p>\n","protected":false},"author":1,"featured_media":0,"parent":0,"menu_order":0,"comment_status":"closed","ping_status":"closed","template":"","meta":{"neve_meta_sidebar":"","neve_meta_container":"","neve_meta_enable_content_width":"","neve_meta_content_width":0,"neve_meta_title_alignment":"","neve_meta_author_avatar":"","neve_post_elements_order":"","neve_meta_disable_header":"","neve_meta_disable_footer":"","neve_meta_disable_title":"","footnotes":""},"class_list":["post-187","page","type-page","status-publish","hentry"],"_links":{"self":[{"href":"https:\/\/refoodly.7180.eu\/index.php?rest_route=\/wp\/v2\/pages\/187","targetHints":{"allow":["GET"]}}],"collection":[{"href":"https:\/\/refoodly.7180.eu\/index.php?rest_route=\/wp\/v2\/pages"}],"about":[{"href":"https:\/\/refoodly.7180.eu\/index.php?rest_route=\/wp\/v2\/types\/page"}],"author":[{"embeddable":true,"href":"https:\/\/refoodly.7180.eu\/index.php?rest_route=\/wp\/v2\/users\/1"}],"replies":[{"embeddable":true,"href":"https:\/\/refoodly.7180.eu\/index.php?rest_route=%2Fwp%2Fv2%2Fcomments&post=187"}],"version-history":[{"count":5,"href":"https:\/\/refoodly.7180.eu\/index.php?rest_route=\/wp\/v2\/pages\/187\/revisions"}],"predecessor-version":[{"id":469,"href":"https:\/\/refoodly.7180.eu\/index.php?rest_route=\/wp\/v2\/pages\/187\/revisions\/469"}],"wp:attachment":[{"href":"https:\/\/refoodly.7180.eu\/index.php?rest_route=%2Fwp%2Fv2%2Fmedia&parent=187"}],"curies":[{"name":"wp","href":"https:\/\/api.w.org\/{rel}","templated":true}]}}