{"id":188,"date":"2023-05-24T14:54:39","date_gmt":"2023-05-24T12:54:39","guid":{"rendered":"https:\/\/refoodly.7180.eu\/?page_id=188"},"modified":"2023-05-25T15:26:55","modified_gmt":"2023-05-25T13:26:55","slug":"vittoria-hackathon","status":"publish","type":"page","link":"https:\/\/refoodly.7180.eu\/?page_id=188","title":{"rendered":"Vittoria Hackathon"},"content":{"rendered":"\n<p class=\"has-medium-font-size\">Siamo estremamente felici di condividere la nostra entusiasmante esperienza di vittoria all&#8217;Hackathon della Vodafone a Milano. Il nostro team di ReFoodly (inizialmente Ricibo2) ha lavorato sodo per sviluppare un&#8217;innovativa soluzione tecnologica che affronta il problema dello spreco alimentare, e l&#8217;emozione di essere riconosciuti come vincitori in un evento cos\u00ec prestigioso \u00e8 stata davvero incredibile.<\/p>\n\n\n\n<div class=\"wp-block-columns is-layout-flex wp-container-core-columns-is-layout-9d6595d7 wp-block-columns-is-layout-flex\">\n<div class=\"wp-block-column is-layout-flow wp-block-column-is-layout-flow\">\n<p class=\"has-medium-font-size\">Fin dall&#8217;inizio, l&#8217;Hackathon della Vodafone a Milano \u00e8 stato un&#8217;opportunit\u00e0 unica per mettere alla prova le nostre abilit\u00e0 e mettere in luce il nostro progetto. Durante le intense sessioni di brainstorming e di sviluppo, abbiamo lavorato a stretto contatto con altri talentuosi partecipanti provenienti da diverse scuole della Lombardia e abbiamo trovato un terreno fertile per lo scambio di idee e l&#8217;apprendimento reciproco.<\/p>\n\n\n\n<p class=\"has-medium-font-size\">Il tema dello spreco alimentare \u00e8 un problema urgente che affligge il nostro pianeta, e la nostra piattaforma ReFoodly mira a combattere questa sfida in modo innovativo.<\/p>\n\n\n\n<p class=\"has-medium-font-size\">La vittoria all&#8217;Hackathon \u00e8 stata un&#8217;importante spinta per il nostro progetto. Il riconoscimento e l&#8217;apprezzamento ricevuti ci hanno confermato che la nostra idea ha un enorme potenziale per portare un cambiamento significativo nel modo in cui affrontiamo lo spreco alimentare. L&#8217;energia positiva e l&#8217;entusiasmo che abbiamo vissuto durante l&#8217;evento ci hanno motivato ulteriormente a perseguire con determinazione il nostro obiettivo, che \u00e8 quello di trasformare ReFoodly da un&#8217;idea promettente a una soluzione concreta che possa migliorare la vita di milioni di persone e ridurre lo spreco di cibo in tutto il mondo.<\/p>\n\n\n\n<p class=\"has-medium-font-size\"><\/p>\n<\/div>\n\n\n\n<div class=\"wp-block-column is-layout-flow wp-block-column-is-layout-flow\">\n<figure class=\"wp-block-image size-large is-resized\"><img loading=\"lazy\" decoding=\"async\" src=\"https:\/\/refoodly.7180.eu\/wp-content\/uploads\/2023\/05\/IMG_20221018_164809-768x1024.jpg\" alt=\"\" class=\"wp-image-363\" width=\"601\" height=\"800\" srcset=\"https:\/\/refoodly.7180.eu\/wp-content\/uploads\/2023\/05\/IMG_20221018_164809-768x1024.jpg 768w, https:\/\/refoodly.7180.eu\/wp-content\/uploads\/2023\/05\/IMG_20221018_164809-225x300.jpg 225w, https:\/\/refoodly.7180.eu\/wp-content\/uploads\/2023\/05\/IMG_20221018_164809-1152x1536.jpg 1152w, https:\/\/refoodly.7180.eu\/wp-content\/uploads\/2023\/05\/IMG_20221018_164809-1536x2048.jpg 1536w, https:\/\/refoodly.7180.eu\/wp-content\/uploads\/2023\/05\/IMG_20221018_164809.jpg 1920w\" sizes=\"auto, (max-width: 601px) 100vw, 601px\" \/><\/figure>\n<\/div>\n<\/div>\n\n\n\n<p class=\"has-medium-font-size\">Siamo grati alla Vodafone per aver organizzato un evento cos\u00ec stimolante e per averci offerto questa piattaforma per far emergere le idee innovative. Non vediamo l&#8217;ora di continuare a crescere e di realizzare la nostra visione di un mondo in cui ogni boccone di cibo in eccesso possa essere messo a buon uso.<\/p>\n\n\n\n<p class=\"has-medium-font-size\">L&#8217;Hackathon della Vodafone a Milano sar\u00e0 sempre un momento fondamentale nel nostro percorso, e siamo grati a tutti coloro che ci hanno sostenuto lungo questa emozionante avventura.<\/p>\n\n\n\n<div style=\"height:54px\" aria-hidden=\"true\" class=\"wp-block-spacer\"><\/div>\n","protected":false},"excerpt":{"rendered":"<p>Siamo estremamente felici di condividere la nostra entusiasmante esperienza di vittoria all&#8217;Hackathon della Vodafone a Milano. Il nostro team di ReFoodly (inizialmente Ricibo2) ha lavorato sodo per sviluppare un&#8217;innovativa soluzione tecnologica che affronta il problema dello spreco alimentare, e l&#8217;emozione di essere riconosciuti come vincitori in un evento cos\u00ec prestigioso \u00e8 stata davvero incredibile. Fin&hellip;&nbsp;<a href=\"https:\/\/refoodly.7180.eu\/?page_id=188\" class=\"\" rel=\"bookmark\">Leggi tutto &raquo;<span class=\"screen-reader-text\">Vittoria Hackathon<\/span><\/a><\/p>\n","protected":false},"author":1,"featured_media":0,"parent":0,"menu_order":0,"comment_status":"closed","ping_status":"closed","template":"","meta":{"neve_meta_sidebar":"","neve_meta_container":"","neve_meta_enable_content_width":"","neve_meta_content_width":0,"neve_meta_title_alignment":"","neve_meta_author_avatar":"","neve_post_elements_order":"","neve_meta_disable_header":"","neve_meta_disable_footer":"","neve_meta_disable_title":"","footnotes":""},"class_list":["post-188","page","type-page","status-publish","hentry"],"_links":{"self":[{"href":"https:\/\/refoodly.7180.eu\/index.php?rest_route=\/wp\/v2\/pages\/188","targetHints":{"allow":["GET"]}}],"collection":[{"href":"https:\/\/refoodly.7180.eu\/index.php?rest_route=\/wp\/v2\/pages"}],"about":[{"href":"https:\/\/refoodly.7180.eu\/index.php?rest_route=\/wp\/v2\/types\/page"}],"author":[{"embeddable":true,"href":"https:\/\/refoodly.7180.eu\/index.php?rest_route=\/wp\/v2\/users\/1"}],"replies":[{"embeddable":true,"href":"https:\/\/refoodly.7180.eu\/index.php?rest_route=%2Fwp%2Fv2%2Fcomments&post=188"}],"version-history":[{"count":10,"href":"https:\/\/refoodly.7180.eu\/index.php?rest_route=\/wp\/v2\/pages\/188\/revisions"}],"predecessor-version":[{"id":412,"href":"https:\/\/refoodly.7180.eu\/index.php?rest_route=\/wp\/v2\/pages\/188\/revisions\/412"}],"wp:attachment":[{"href":"https:\/\/refoodly.7180.eu\/index.php?rest_route=%2Fwp%2Fv2%2Fmedia&parent=188"}],"curies":[{"name":"wp","href":"https:\/\/api.w.org\/{rel}","templated":true}]}}