{"id":40,"date":"2023-05-24T10:57:47","date_gmt":"2023-05-24T08:57:47","guid":{"rendered":"https:\/\/refoodly.7180.eu\/?page_id=40"},"modified":"2023-05-24T17:47:57","modified_gmt":"2023-05-24T15:47:57","slug":"la-nostra-azienda","status":"publish","type":"page","link":"https:\/\/refoodly.7180.eu\/?page_id=40","title":{"rendered":"La nostra azienda"},"content":{"rendered":"\n<div style=\"height:48px\" aria-hidden=\"true\" class=\"wp-block-spacer\"><\/div>\n\n\n\n<h2 class=\"wp-block-heading has-text-color\" style=\"color:#284f28;font-size:40px;font-style:normal;font-weight:700\"><strong>Impatto interno<\/strong><\/h2>\n\n\n\n<ul class=\"wp-block-list\">\n<li class=\"has-medium-font-size\">&nbsp;<strong>Divisione dei ruoli<\/strong>: ogni ruolo \u00e8 stato assegnato a ciascuno in base al talento e capacit\u00e0 di&nbsp;ognuno di noi.&nbsp;Questo \u00e8 una forma di \u201cagevolazione\u201d in modo che ognuno riesca a fare il meglio nel suo compito.<\/li>\n\n\n\n<li class=\"has-medium-font-size\"><strong>Come ci comportiamo<\/strong>: cerchiamo di risolvere le divergenze discutendo normalmente e&nbsp;spiegando le nostre motivazioni<\/li>\n<\/ul>\n\n\n\n<div style=\"height:79px\" aria-hidden=\"true\" class=\"wp-block-spacer\"><\/div>\n\n\n\n<h2 class=\"wp-block-heading has-text-color\" style=\"color:#284f28;font-size:40px;font-style:normal;font-weight:700;text-transform:none\">Impatto esterno <\/h2>\n\n\n\n<div style=\"height:29px\" aria-hidden=\"true\" class=\"wp-block-spacer\"><\/div>\n\n\n\n<div class=\"wp-block-group is-content-justification-space-between is-nowrap is-layout-flex wp-container-core-group-is-layout-0dfbf163 wp-block-group-is-layout-flex\">\n<p class=\"has-medium-font-size\"><strong>Obiettivo 2<\/strong>: \u201csconfiggere la fame\u201d.<br>Anche se non \u00e8 possibile sconfiggere totalmente la fame nel mondo, cerchiamo di<br>far arrivare a pi\u00f9 persone bisognose possibili il cibo tramite i centri con i quali siamo<br>associati, come la Caritas Ambrosiana di Calolziocorte e CSV<\/p>\n\n\n\n<figure class=\"wp-block-image size-full is-resized\"><img loading=\"lazy\" decoding=\"async\" src=\"https:\/\/refoodly.7180.eu\/wp-content\/uploads\/2023\/05\/Obiettivo_di_sviluppo_sostenibile_2_svg.webp\" alt=\"\" class=\"wp-image-53\" width=\"230\" height=\"230\" srcset=\"https:\/\/refoodly.7180.eu\/wp-content\/uploads\/2023\/05\/Obiettivo_di_sviluppo_sostenibile_2_svg.webp 242w, https:\/\/refoodly.7180.eu\/wp-content\/uploads\/2023\/05\/Obiettivo_di_sviluppo_sostenibile_2_svg-150x150.webp 150w\" sizes=\"auto, (max-width: 230px) 100vw, 230px\" \/><\/figure>\n<\/div>\n\n\n\n<div style=\"height:35px\" aria-hidden=\"true\" class=\"wp-block-spacer\"><\/div>\n\n\n\n<div class=\"wp-block-group is-content-justification-space-between is-nowrap is-layout-flex wp-container-core-group-is-layout-0dfbf163 wp-block-group-is-layout-flex\">\n<figure class=\"wp-block-image size-full is-resized\"><img loading=\"lazy\" decoding=\"async\" src=\"https:\/\/refoodly.7180.eu\/wp-content\/uploads\/2023\/05\/Obiettivo_di_sviluppo_sostenibile_12_svg.webp\" alt=\"\" class=\"wp-image-54\" width=\"230\" height=\"230\" srcset=\"https:\/\/refoodly.7180.eu\/wp-content\/uploads\/2023\/05\/Obiettivo_di_sviluppo_sostenibile_12_svg.webp 242w, https:\/\/refoodly.7180.eu\/wp-content\/uploads\/2023\/05\/Obiettivo_di_sviluppo_sostenibile_12_svg-150x150.webp 150w\" sizes=\"auto, (max-width: 230px) 100vw, 230px\" \/><\/figure>\n\n\n\n<p class=\"has-text-align-right has-medium-font-size\"><strong>Obiettivo 12<\/strong>: \u201cconsumo e produzione responsabili\u201d.<br>Abbiamo scelto questo obiettivo perch\u00e9 pensiamo che le persone possano<br>\u201cconsumare responsabilmente\u201d, specialmente riguardo il cibo, perch\u00e9 se partissero<br>gi\u00e0 ad acquistare nel modo corretto gli alimenti, avrebbero meno sprechi e di<br>conseguenza meno scarti di cibo<\/p>\n<\/div>\n\n\n\n<div style=\"height:35px\" aria-hidden=\"true\" class=\"wp-block-spacer\"><\/div>\n\n\n\n<div class=\"wp-block-group is-content-justification-space-between is-nowrap is-layout-flex wp-container-core-group-is-layout-0dfbf163 wp-block-group-is-layout-flex\">\n<p class=\"has-medium-font-size\"><strong>Obiettivo 17<\/strong>: \u201cpartnership per gli obiettivi\u201d<br>Crediamo in questo obiettivo dell\u2019agenda 2030, perch\u00e9 pensiamo che, avere delle<br>partnership per realizzare un obiettivo che si ha sia molto importante, perch\u00e9 con<br>l\u2019aiuto di qualcuno di esperto il lavoro viene realizzato pi\u00f9 velocemente e<br>sicuramente meglio rispetto a qualcuno che non ha le stesse competenze.<\/p>\n\n\n\n<figure class=\"wp-block-image size-full is-resized\"><img loading=\"lazy\" decoding=\"async\" src=\"https:\/\/refoodly.7180.eu\/wp-content\/uploads\/2023\/05\/icons-17.webp\" alt=\"\" class=\"wp-image-55\" width=\"230\" height=\"230\" srcset=\"https:\/\/refoodly.7180.eu\/wp-content\/uploads\/2023\/05\/icons-17.webp 242w, https:\/\/refoodly.7180.eu\/wp-content\/uploads\/2023\/05\/icons-17-150x150.webp 150w\" sizes=\"auto, (max-width: 230px) 100vw, 230px\" \/><\/figure>\n<\/div>\n\n\n\n<div style=\"height:100px\" aria-hidden=\"true\" class=\"wp-block-spacer\"><\/div>\n","protected":false},"excerpt":{"rendered":"<p>Impatto interno Impatto esterno Obiettivo 2: \u201csconfiggere la fame\u201d.Anche se non \u00e8 possibile sconfiggere totalmente la fame nel mondo, cerchiamo difar arrivare a pi\u00f9 persone bisognose possibili il cibo tramite i centri con i quali siamoassociati, come la Caritas Ambrosiana di Calolziocorte e CSV Obiettivo 12: \u201cconsumo e produzione responsabili\u201d.Abbiamo scelto questo obiettivo perch\u00e9 pensiamo&hellip;&nbsp;<a href=\"https:\/\/refoodly.7180.eu\/?page_id=40\" class=\"\" rel=\"bookmark\">Leggi tutto &raquo;<span class=\"screen-reader-text\">La nostra azienda<\/span><\/a><\/p>\n","protected":false},"author":1,"featured_media":0,"parent":0,"menu_order":0,"comment_status":"closed","ping_status":"closed","template":"","meta":{"neve_meta_sidebar":"","neve_meta_container":"default","neve_meta_enable_content_width":"","neve_meta_content_width":0,"neve_meta_title_alignment":"left","neve_meta_author_avatar":"","neve_post_elements_order":"","neve_meta_disable_header":"","neve_meta_disable_footer":"","neve_meta_disable_title":"","footnotes":""},"class_list":["post-40","page","type-page","status-publish","hentry"],"_links":{"self":[{"href":"https:\/\/refoodly.7180.eu\/index.php?rest_route=\/wp\/v2\/pages\/40","targetHints":{"allow":["GET"]}}],"collection":[{"href":"https:\/\/refoodly.7180.eu\/index.php?rest_route=\/wp\/v2\/pages"}],"about":[{"href":"https:\/\/refoodly.7180.eu\/index.php?rest_route=\/wp\/v2\/types\/page"}],"author":[{"embeddable":true,"href":"https:\/\/refoodly.7180.eu\/index.php?rest_route=\/wp\/v2\/users\/1"}],"replies":[{"embeddable":true,"href":"https:\/\/refoodly.7180.eu\/index.php?rest_route=%2Fwp%2Fv2%2Fcomments&post=40"}],"version-history":[{"count":8,"href":"https:\/\/refoodly.7180.eu\/index.php?rest_route=\/wp\/v2\/pages\/40\/revisions"}],"predecessor-version":[{"id":264,"href":"https:\/\/refoodly.7180.eu\/index.php?rest_route=\/wp\/v2\/pages\/40\/revisions\/264"}],"wp:attachment":[{"href":"https:\/\/refoodly.7180.eu\/index.php?rest_route=%2Fwp%2Fv2%2Fmedia&parent=40"}],"curies":[{"name":"wp","href":"https:\/\/api.w.org\/{rel}","templated":true}]}}