{"id":472,"date":"2023-05-26T14:48:19","date_gmt":"2023-05-26T12:48:19","guid":{"rendered":"https:\/\/refoodly.7180.eu\/?page_id=472"},"modified":"2023-05-26T14:55:10","modified_gmt":"2023-05-26T12:55:10","slug":"impresa-in-azione","status":"publish","type":"page","link":"https:\/\/refoodly.7180.eu\/?page_id=472","title":{"rendered":"Impresa in azione"},"content":{"rendered":"<div class=\"wp-block-image\">\n<figure class=\"aligncenter size-full\"><img loading=\"lazy\" decoding=\"async\" width=\"1013\" height=\"182\" src=\"https:\/\/refoodly.7180.eu\/wp-content\/uploads\/2023\/05\/logo-head-Impresa-in-azione.webp\" alt=\"\" class=\"wp-image-473\" srcset=\"https:\/\/refoodly.7180.eu\/wp-content\/uploads\/2023\/05\/logo-head-Impresa-in-azione.webp 1013w, https:\/\/refoodly.7180.eu\/wp-content\/uploads\/2023\/05\/logo-head-Impresa-in-azione-300x54.webp 300w, https:\/\/refoodly.7180.eu\/wp-content\/uploads\/2023\/05\/logo-head-Impresa-in-azione-768x138.webp 768w\" sizes=\"auto, (max-width: 1013px) 100vw, 1013px\" \/><\/figure>\n<\/div>\n\n\n<div style=\"height:14px\" aria-hidden=\"true\" class=\"wp-block-spacer\"><\/div>\n\n\n\n<p class=\"has-medium-font-size\">L&#8217;iniziativa &#8220;Impresa in azione&#8221; di Junior Achievement \u00e8 un programma educativo rivolto agli studenti delle scuole superiori, progettato per fornire loro un&#8217;esperienza pratica nel mondo degli affari e dell&#8217;imprenditorialit\u00e0.<\/p>\n\n\n\n<p class=\"has-medium-font-size\">Durante il corso del programma, le classi si organizzano come una vera realt\u00e0 aziendale con il fine di sviluppare concretamente un&#8217;idea imprenditoriale, assumendo ruoli di responsabilit\u00e0 e prendendo decisioni operative quali la scelta del prodotto o servizio da offrire, la definizione dei prezzi, la promozione e la vendita. Questa esperienza permette ai partecipanti di acquisire competenze cruciali come la pianificazione, la gestione finanziaria, la comunicazione e la collaborazione di squadra.<\/p>\n\n\n\n<p class=\"has-medium-font-size\">Desideriamo ringraziare Junior Achievement per l&#8217;iniziativa e per averci dato l&#8217;opportunit\u00e0 di partecipare con Refoodly.<\/p>\n","protected":false},"excerpt":{"rendered":"<p>L&#8217;iniziativa &#8220;Impresa in azione&#8221; di Junior Achievement \u00e8 un programma educativo rivolto agli studenti delle scuole superiori, progettato per fornire loro un&#8217;esperienza pratica nel mondo degli affari e dell&#8217;imprenditorialit\u00e0. Durante il corso del programma, le classi si organizzano come una vera realt\u00e0 aziendale con il fine di sviluppare concretamente un&#8217;idea imprenditoriale, assumendo ruoli di responsabilit\u00e0&hellip;&nbsp;<a href=\"https:\/\/refoodly.7180.eu\/?page_id=472\" class=\"\" rel=\"bookmark\">Leggi tutto &raquo;<span class=\"screen-reader-text\">Impresa in azione<\/span><\/a><\/p>\n","protected":false},"author":1,"featured_media":0,"parent":0,"menu_order":0,"comment_status":"closed","ping_status":"closed","template":"","meta":{"neve_meta_sidebar":"","neve_meta_container":"","neve_meta_enable_content_width":"","neve_meta_content_width":0,"neve_meta_title_alignment":"","neve_meta_author_avatar":"","neve_post_elements_order":"","neve_meta_disable_header":"","neve_meta_disable_footer":"","neve_meta_disable_title":"","footnotes":""},"class_list":["post-472","page","type-page","status-publish","hentry"],"_links":{"self":[{"href":"https:\/\/refoodly.7180.eu\/index.php?rest_route=\/wp\/v2\/pages\/472","targetHints":{"allow":["GET"]}}],"collection":[{"href":"https:\/\/refoodly.7180.eu\/index.php?rest_route=\/wp\/v2\/pages"}],"about":[{"href":"https:\/\/refoodly.7180.eu\/index.php?rest_route=\/wp\/v2\/types\/page"}],"author":[{"embeddable":true,"href":"https:\/\/refoodly.7180.eu\/index.php?rest_route=\/wp\/v2\/users\/1"}],"replies":[{"embeddable":true,"href":"https:\/\/refoodly.7180.eu\/index.php?rest_route=%2Fwp%2Fv2%2Fcomments&post=472"}],"version-history":[{"count":2,"href":"https:\/\/refoodly.7180.eu\/index.php?rest_route=\/wp\/v2\/pages\/472\/revisions"}],"predecessor-version":[{"id":481,"href":"https:\/\/refoodly.7180.eu\/index.php?rest_route=\/wp\/v2\/pages\/472\/revisions\/481"}],"wp:attachment":[{"href":"https:\/\/refoodly.7180.eu\/index.php?rest_route=%2Fwp%2Fv2%2Fmedia&parent=472"}],"curies":[{"name":"wp","href":"https:\/\/api.w.org\/{rel}","templated":true}]}}