{"id":63,"date":"2023-05-24T10:57:48","date_gmt":"2023-05-24T08:57:48","guid":{"rendered":"https:\/\/refoodly.7180.eu\/?page_id=63"},"modified":"2023-05-25T17:59:38","modified_gmt":"2023-05-25T15:59:38","slug":"la-nostra-storia","status":"publish","type":"page","link":"https:\/\/refoodly.7180.eu\/?page_id=63","title":{"rendered":"La nostra storia"},"content":{"rendered":"\n<p class=\"has-medium-font-size\">Refoodly \u00e8 un movimento dedicato alla creazione di un futuro migliore per tutti. Nato nel 2022, lotta per combattere lo spreco alimentare. Vogliamo responsabilizzare i nostri leader ed educare e informare la nostra comunit\u00e0, spingendola ad agire. Agiamo per far s\u00ec che le nostre voci vengano ascoltate e che del nostro operato possano beneficiare le generazioni a venire.<\/p>\n\n\n\n<p class=\"has-medium-font-size\">Nella sede di Lecco troverai dei ragazzi entusiasti. Ci\u00f2 che ci unisce \u00e8 la dedizione verso i nostri obiettivi comuni. Ma non possiamo farcela senza il tuo aiuto. <a href=\"https:\/\/refoodly.7180.eu\/?page_id=102\" data-type=\"URL\" data-id=\"https:\/\/refoodly.7180.eu\/?page_id=102\">Contattaci<\/a> per scoprire come puoi aiutarci.<\/p>\n\n\n\n<div style=\"height:33px\" aria-hidden=\"true\" class=\"wp-block-spacer\"><\/div>\n\n\n\n<h2 class=\"wp-block-heading\" style=\"font-size:40px\"><strong>Eventi:<\/strong><\/h2>\n\n\n\n<h2 class=\"wp-block-heading\">Colletta alimentare Conad Maggianico 2023<\/h2>\n\n\n\n<p class=\"has-medium-font-size\">Con grande impegno e spirito di solidariet\u00e0, noi di Refoodly abbiamo organizzato una colletta alimentare presso il supermercato Conad di Maggianico, grazie al prezioso sostegno di CSV Lombardia.<\/p>\n\n\n\n<p class=\"has-medium-font-size\">L&#8217;obiettivo di questa iniziativa era quello di raccogliere generi alimentari non deperibili per aiutare le persone in difficolt\u00e0 della nostra comunit\u00e0. Grazie alla generosit\u00e0 dei clienti e all&#8217;impegno dei nostri volontari, abbiamo ottenuto risultati straordinari.<\/p>\n\n\n\n<div style=\"height:7px\" aria-hidden=\"true\" class=\"wp-block-spacer\"><\/div>\n\n\n<div class=\"wp-block-image\">\n<figure class=\"aligncenter size-large\"><img loading=\"lazy\" decoding=\"async\" width=\"1024\" height=\"768\" src=\"https:\/\/refoodly.7180.eu\/wp-content\/uploads\/2023\/05\/PHOTO-2023-05-16-12-47-24-1024x768.jpg\" alt=\"\" class=\"wp-image-438\" srcset=\"https:\/\/refoodly.7180.eu\/wp-content\/uploads\/2023\/05\/PHOTO-2023-05-16-12-47-24-1024x768.jpg 1024w, https:\/\/refoodly.7180.eu\/wp-content\/uploads\/2023\/05\/PHOTO-2023-05-16-12-47-24-300x225.jpg 300w, https:\/\/refoodly.7180.eu\/wp-content\/uploads\/2023\/05\/PHOTO-2023-05-16-12-47-24-768x576.jpg 768w, https:\/\/refoodly.7180.eu\/wp-content\/uploads\/2023\/05\/PHOTO-2023-05-16-12-47-24-1536x1152.jpg 1536w, https:\/\/refoodly.7180.eu\/wp-content\/uploads\/2023\/05\/PHOTO-2023-05-16-12-47-24.jpg 1600w\" sizes=\"auto, (max-width: 1024px) 100vw, 1024px\" \/><\/figure>\n<\/div>\n\n\n<div style=\"height:71px\" aria-hidden=\"true\" class=\"wp-block-spacer\"><\/div>\n\n\n\n<h2 class=\"wp-block-heading\">Evento cittadino sullo spreco alimentare presso Villa Silva, Galbiate<\/h2>\n\n\n\n<p class=\"has-medium-font-size\">Il 12 maggio abbiamo avuto l&#8217;opportunit\u00e0 di partecipare a un significativo evento contro lo spreco alimentare presso Villa Silva.<\/p>\n\n\n\n<p class=\"has-medium-font-size\">\u00c8 stato un momento straordinario in cui siamo stati coinvolti in stimolanti discussioni e scambi di idee su come affrontare il problema dello spreco alimentare. Esperti, attivisti e cittadini uniti dalla stessa causa hanno condiviso le loro esperienze e proposto soluzioni innovative per ridurre gli sprechi e promuovere una gestione sostenibile del cibo.<\/p>\n\n\n\n<p class=\"has-medium-font-size\">\u00c8 stato un momento di ispirazione e consapevolezza che ci ha spinti a riflettere sul nostro ruolo nel combattere questo problema e a fare la nostra parte per un futuro pi\u00f9 equo e sostenibile.<\/p>\n\n\n\n<p class=\"has-text-align-center\">*aggiungere foto*<\/p>\n\n\n\n<div style=\"height:45px\" aria-hidden=\"true\" class=\"wp-block-spacer\"><\/div>\n","protected":false},"excerpt":{"rendered":"<p>Refoodly \u00e8 un movimento dedicato alla creazione di un futuro migliore per tutti. Nato nel 2022, lotta per combattere lo spreco alimentare. Vogliamo responsabilizzare i nostri leader ed educare e informare la nostra comunit\u00e0, spingendola ad agire. Agiamo per far s\u00ec che le nostre voci vengano ascoltate e che del nostro operato possano beneficiare le&hellip;&nbsp;<a href=\"https:\/\/refoodly.7180.eu\/?page_id=63\" class=\"\" rel=\"bookmark\">Leggi tutto &raquo;<span class=\"screen-reader-text\">La nostra storia<\/span><\/a><\/p>\n","protected":false},"author":1,"featured_media":0,"parent":0,"menu_order":0,"comment_status":"closed","ping_status":"closed","template":"","meta":{"neve_meta_sidebar":"","neve_meta_container":"","neve_meta_enable_content_width":"","neve_meta_content_width":0,"neve_meta_title_alignment":"","neve_meta_author_avatar":"","neve_post_elements_order":"","neve_meta_disable_header":"","neve_meta_disable_footer":"","neve_meta_disable_title":"","footnotes":""},"class_list":["post-63","page","type-page","status-publish","hentry"],"_links":{"self":[{"href":"https:\/\/refoodly.7180.eu\/index.php?rest_route=\/wp\/v2\/pages\/63","targetHints":{"allow":["GET"]}}],"collection":[{"href":"https:\/\/refoodly.7180.eu\/index.php?rest_route=\/wp\/v2\/pages"}],"about":[{"href":"https:\/\/refoodly.7180.eu\/index.php?rest_route=\/wp\/v2\/types\/page"}],"author":[{"embeddable":true,"href":"https:\/\/refoodly.7180.eu\/index.php?rest_route=\/wp\/v2\/users\/1"}],"replies":[{"embeddable":true,"href":"https:\/\/refoodly.7180.eu\/index.php?rest_route=%2Fwp%2Fv2%2Fcomments&post=63"}],"version-history":[{"count":8,"href":"https:\/\/refoodly.7180.eu\/index.php?rest_route=\/wp\/v2\/pages\/63\/revisions"}],"predecessor-version":[{"id":446,"href":"https:\/\/refoodly.7180.eu\/index.php?rest_route=\/wp\/v2\/pages\/63\/revisions\/446"}],"wp:attachment":[{"href":"https:\/\/refoodly.7180.eu\/index.php?rest_route=%2Fwp%2Fv2%2Fmedia&parent=63"}],"curies":[{"name":"wp","href":"https:\/\/api.w.org\/{rel}","templated":true}]}}